{"id":1990,"date":"2025-07-02T17:15:54","date_gmt":"2025-07-02T17:15:54","guid":{"rendered":"https:\/\/cabanastamiaju.com\/espera-que\/"},"modified":"2025-10-28T21:33:20","modified_gmt":"2025-10-28T21:33:20","slug":"espera-que","status":"publish","type":"page","link":"https:\/\/cabanastamiaju.com\/es\/espera-que\/","title":{"rendered":"Espera, \u00bfqu\u00e9?"},"content":{"rendered":"<div class=\"et_pb_section_0 et_pb_section et_section_regular et_flex_section\"><\/div>\n\n<div class=\"et_pb_section_1 et_pb_section et_section_regular et_flex_section\">\n<div class=\"et_pb_row_0 et_pb_row et_flex_row\">\n<div class=\"et_pb_column_0 et_pb_column et-last-child et_flex_column et_pb_css_mix_blend_mode_passthrough et_flex_column_24_24 et_flex_column_24_24_tablet et_flex_column_24_24_phone\">\n<div class=\"et_pb_heading_0 et_pb_heading et_pb_module et_flex_module\"><div class=\"et_pb_heading_container\"><h1 class=\"et_pb_module_header\">\u00bfTienes preguntas? <\/h1><\/div><\/div>\n\n<div class=\"et_pb_text_0 et_pb_text et_pb_bg_layout_light et_pb_module et_flex_module\"><div class=\"et_pb_text_inner\"><p>Si te preguntas qu\u00e9 empacar, cu\u00e1ntos colibr\u00edes puedes ver realmente en un solod\u00eda, o si es cierto que la selva se comer\u00e1 tus calcetines (lo es), est\u00e1s en el lugar correcto. <br \/>Ya sea que te preguntes qu\u00e9 , cu\u00e1ntos colibr\u00edes puedes ver realmente en un solo d\u00eda, o si es cierto que la selva se come los calcetines (s\u00ed, lo es \ud83e\udde6\ud83c\udf3f), est\u00e1s en el lugar correcto.<br \/>Hemos reunido las preguntas m\u00e1s comunes que recibimos sobre nuestros tours de observaci\u00f3n de aves, Caba\u00f1as Tamiaju y viajar por el bosque nublado del Ecuador \u2014 y las respondimos con honestidad, humor y la mayor cantidad de detalles \u00fatiles posible. <\/p>\n<p>Desde temas log\u00edsticos como transporte y comidas hasta consejos pro para encontrar al escondite del Gallito de la Pe\u00f1a, esta p\u00e1gina es tu gu\u00eda completa para planificar una aventura sin estr\u00e9s y llena de plumas.<\/p>\n<p data-start=\"1132\" data-end=\"1277\">Tu experiencia de aviturismo en Ecuador deber\u00eda ser emocionante, relajada y con un toque de magia.<br \/>Estas preguntas frecuentes te ayudar\u00e1n a lograrlo. <\/p>\n<\/div><\/div>\n\n<div class=\"et_pb_module et_pb_button_module_wrapper et_pb_button_0_wrapper\"><a class=\"et_pb_button_0 et_pb_button et_pb_bg_layout_light et_pb_module et_flex_module\" href=\"https:\/\/cabanastamiaju.com\/contact-ecuador-birding-lodge\/\">\u00a1Preg\u00fantanos lo que quieras!<\/a><\/div>\n<\/div>\n<\/div>\n<\/div>\n\n<div class=\"et_pb_section_2 et_pb_section et_section_regular et_flex_section\">\n<div class=\"et_pb_row_1 et_pb_row et_flex_row\">\n<div class=\"et_pb_column_1 et_pb_column et-last-child et_flex_column et_pb_css_mix_blend_mode_passthrough et_flex_column_24_24 et_flex_column_24_24_tablet et_flex_column_24_24_phone\">\n<div class=\"et_pb_heading_1 et_pb_heading et_pb_module et_flex_module\"><div class=\"et_pb_heading_container\"><h2 class=\"et_pb_module_header\">Preguntas frecuentes sobre aves<\/h2><\/div><\/div>\n\n<div class=\"et_pb_heading_2 et_pb_heading et_pb_module et_flex_module\"><div class=\"et_pb_heading_container\"><h3 class=\"et_pb_module_header\">(y algunas que no tienen nada que ver con los p\u00e1jaros pero igual nos las hacen)<\/h3><\/div><\/div>\n\n<div class=\"et_pb_accordion_0 et_pb_accordion et_pb_module et_flex_module\">\n<div class=\"et_pb_accordion_item_0 et_pb_accordion_item et_pb_toggle et_pb_module et_pb_toggle_open et_flex_module\"><h5 class=\"et_pb_toggle_title\">\u00bfD\u00f3nde est\u00e1s exactamente?<\/h5><div class=\"et_pb_toggle_content et_flex_module\"><p>Estamos en Cosanga, Ecuador, en la ladera oriental de los Andes, dentro del Valle del Quijos \u2014 una de las mejores regiones de aviturismo de Sudam\u00e9rica.<br \/>Nuestra ubicaci\u00f3n limita con la Reserva Ecol\u00f3gica Antisana y est\u00e1 a pocos minutos de hotspots top como la Cordillera de Guacamayos, la Reserva Narupa y el Paso de Papallacta. <iframe data-src=\"https:\/\/www.google.com\/maps\/embed?pb=!1m18!1m12!1m3!1d228398.22808977554!2d-77.7450569!3d-0.73649685!2m3!1f0!2f0!3f0!3m2!1i1024!2i768!4f13.1!3m3!1m2!1s0x91d6813cc1a478d1%3A0x3ec25904a2633ff1!2sCaba%C3%B1as%20Tamiaju!5e1!3m2!1sen!2sec!4v1756307679955!5m2!1sen!2sec\" width=\"600\" height=\"450\" style=\"border: 0;\" allowfullscreen=\"\" referrerpolicy=\"no-referrer-when-downgrade\" src=\"data:image\/svg+xml;base64,PHN2ZyB3aWR0aD0iMSIgaGVpZ2h0PSIxIiB4bWxucz0iaHR0cDovL3d3dy53My5vcmcvMjAwMC9zdmciPjwvc3ZnPg==\" class=\"lazyload\" data-load-mode=\"1\"><\/iframe><\/p>\n<\/div><\/div>\n\n<div class=\"et_pb_accordion_item_1 et_pb_accordion_item et_pb_toggle et_pb_module et_pb_toggle_close et_flex_module\"><h5 class=\"et_pb_toggle_title\">\u00bfC\u00f3mo llego a Caba\u00f1as Tamiaju?<\/h5><div class=\"et_pb_toggle_content et_flex_module\"><p>Desde Quito o el Aeropuerto Internacional Mariscal Sucre, son unas 2.5 horas en transporte privado (podemos coordinarlo por ti). Tambi\u00e9n hay buses p\u00fablicos a Cosanga, pero si planeas empezar temprano hacia los mejores puntos de observaci\u00f3n, el transporte privado es la mejor opci\u00f3n.<br \/>\u00bfPrefieres viajar en bus y no sabes c\u00f3mo organizarlo? Av\u00edsanos, somos expertos.   <\/p>\n<\/div><\/div>\n\n<div class=\"et_pb_accordion_item_2 et_pb_accordion_item et_pb_toggle et_pb_module et_pb_toggle_close et_flex_module\"><h5 class=\"et_pb_toggle_title\">\u00bfQu\u00e9 incluye mi tour de observaci\u00f3n de aves?<\/h5><div class=\"et_pb_toggle_content et_flex_module\"><p>Nuestros tours guiados de aviturismo en Ecuador incluyen alojamiento, comidas locales deliciosas, gu\u00edas expertos, entradas a reservas naturales y transporte interno en los recorridos de varios d\u00edas.<br \/>Solo necesitas traer binoculares, ropa impermeable y tus art\u00edculos personales.<br \/>El paquete de Pajareo Relampago no incluyen transporte desde Quito; los tours m\u00e1s largos, s\u00ed.<br \/>(Vuelos, recuerdos y aves n\u00e9mesis no incluido)   <\/p>\n<\/div><\/div>\n\n<div class=\"et_pb_accordion_item_3 et_pb_accordion_item et_pb_toggle et_pb_module et_pb_toggle_close et_flex_module\"><h5 class=\"et_pb_toggle_title\">\u00bfQu\u00e9 incluye mi estancia en el alojamiento?  <\/h5><div class=\"et_pb_toggle_content et_flex_module\"><p>Lo esencial: agua de felicidad ilimitada (o sea, caf\u00e9 \u2615), agua potable segura, mi deslumbrante personalidad y\u2014sin costo adicional\u2014un gallo despertador cortes\u00eda del vecino.<\/p>\n<p>En t\u00e9rminos pr\u00e1cticos: tu caba\u00f1a cuenta con ba\u00f1o privado, ducha caliente, s\u00e1banas limpias y servicio de limpieza diario.<\/p>\n<\/div><\/div>\n\n<div class=\"et_pb_accordion_item_4 et_pb_accordion_item et_pb_toggle et_pb_module et_pb_toggle_close et_flex_module\"><h5 class=\"et_pb_toggle_title\">\u00bfC\u00f3mo es el clima en Tamiaju?<\/h5><div class=\"et_pb_toggle_content et_flex_module\"><p><span id=\"faq-weather\"><\/span><br \/>En una palabra: H\u00daMEDO. \ud83c\udf27\ufe0f Aqu\u00ed llueve entre 3 y 5 metros (\u00a1s\u00ed, metros!) al a\u00f1o.<br \/>Durante la \u201ctemporada seca\u201d (nov\u2013ene) llueve todos los d\u00edas, y durante la \u201ctemporada lluviosa\u201d (may\u2013jul) llueve todo el d\u00eda, todos los d\u00edas.<br \/>No te preocupes, tenemos botas y paraguas listos. Ven a re-descubrir tu ni\u00f1o interior y a chapotear con gusto.    <\/p>\n<p>A veces sale el sol, y cuando lo hace, es glorioso, y fuerte. Estamos a 2000 m de altura y casi en la l\u00ednea ecuatorial (-0.5\u00b0 de latitud). Moral de la historia: no olvides el protector solar.   <\/p>\n<p>Las temperaturas promedio van de 10\u00b0C a 20\u00b0C (50\u201368\u00b0F). Trae capas de ropa, una chaqueta impermeable y zapatos firmes.<br \/>Sol, neblina y lluvia \u2014 todo puede pasar en el mismo d\u00eda.  <\/p>\n<\/div><\/div>\n\n<div class=\"et_pb_accordion_item_5 et_pb_accordion_item et_pb_toggle et_pb_module et_pb_toggle_close et_flex_module\"><h5 class=\"et_pb_toggle_title\">\u00bfCu\u00e1l es la mejor \u00e9poca para visitar?<\/h5><div class=\"et_pb_toggle_content et_flex_module\"><p>El pajareo en los Andes orientales es espectacular todo el a\u00f1o. Las especies migratorias llegan a finales de septiembre y se quedan hasta mediados de marzo, coincidiendo con la temporada seca. <\/p>\n<p>Ecuador est\u00e1 lleno de microclimas, as\u00ed que el clima en Quito o en la ladera occidental puede ser totalmente diferente aunque est\u00e9n a pocas horas.<br \/>Si vas a viajar por otras regiones, inf\u00f3rmate sobre su estacionalidad, o simplemente <a href=\"https:\/\/cabanastamiaju.com\/contact-ecuador-birding-lodge\/\">escr\u00edbenos<\/a> y te ayudamos.  <\/p>\n<\/div><\/div>\n\n<div class=\"et_pb_accordion_item_6 et_pb_accordion_item et_pb_toggle et_pb_module et_pb_toggle_close et_flex_module\"><h5 class=\"et_pb_toggle_title\">\u00bfSolo atienden a pajareros expertos?<\/h5><div class=\"et_pb_toggle_content et_flex_module\"><p>\u00a1Para nada!<br \/>Ya seas un pajarero veterano, un viajero curioso o alguien que simplemente ama la naturaleza (aunque no tanto las aves), tenemos algo para ti.<br \/>Nuestros tours se adaptan a principiantes, expertos o acompa\u00f1antes no-pajareros.   <\/p>\n<\/div><\/div>\n\n<div class=\"et_pb_accordion_item_7 et_pb_accordion_item et_pb_toggle et_pb_module et_pb_toggle_close et_flex_module\"><h5 class=\"et_pb_toggle_title\">\u00bfA qu\u00e9 hora empiezan los tours?<\/h5><div class=\"et_pb_toggle_content et_flex_module\"><p>El p\u00e1jaro madrugador ve m\u00e1s t\u00e1ngaras. Las salidas suelen ser entre 5:00 y 6:00 a.m., seg\u00fan las especies objetivo y el sitio. El amanecer andino es pura magia \u2014 y s\u00ed, el caf\u00e9 est\u00e1 incluido por motivos de supervivencia.  <\/p>\n<\/div><\/div>\n\n<div class=\"et_pb_accordion_item_8 et_pb_accordion_item et_pb_toggle et_pb_module et_pb_toggle_close et_flex_module\"><h5 class=\"et_pb_toggle_title\">\u00bfVer\u00e9 todas las aves de sus listas de especies?<\/h5><div class=\"et_pb_toggle_content et_flex_module\"><p>Ojal\u00e1 pudi\u00e9ramos prometerlo, pero la naturaleza siempre guarda secretos.<br \/>Nuestros gu\u00edas conocen los h\u00e1bitats clave y los mejores horarios para maximizar tus observaciones.<br \/>Ecuador tiene m\u00e1s de 1,600 especies de aves, y solo nuestra regi\u00f3n supera las 600. <\/p>\n<\/div><\/div>\n\n<div class=\"et_pb_accordion_item_9 et_pb_accordion_item et_pb_toggle et_pb_module et_pb_toggle_close et_flex_module\"><h5 class=\"et_pb_toggle_title\">\u00bfAtienden requerimientos alimenticios especiales?<\/h5><div class=\"et_pb_toggle_content et_flex_module\"><p>\u00a1S\u00ed!Vegetariano, vegano, sin gluten \u2014 solo av\u00edsanos con anticipaci\u00f3n y nos aseguraremos de que tus comidas sean deliciosas y seguras. <\/p>\n<\/div><\/div>\n\n<div class=\"et_pb_accordion_item_10 et_pb_accordion_item et_pb_toggle et_pb_module et_pb_toggle_close et_flex_module\"><h5 class=\"et_pb_toggle_title\">\u00bfHay Wi-Fi en Caba\u00f1as Tamiaju?<\/h5><div class=\"et_pb_toggle_content et_flex_module\"><p>S\u00ed, y aunque cueste creerlo, es fibra \u00f3ptica. \ud83d\ude04<br \/>Eso s\u00ed, estamos en medio de los Andes \u2014 los cortes ocasionales son parte del paisaje.<br \/>Lo re-conectamos lo antes posible (yo tambi\u00e9n trabajo desde aqu\u00ed).   <\/p>\n<\/div><\/div>\n\n<div class=\"et_pb_accordion_item_11 et_pb_accordion_item et_pb_toggle et_pb_module et_pb_toggle_close et_flex_module\"><h5 class=\"et_pb_toggle_title\">Si no como en Tamiaju, \u00bfhay otras opciones? <\/h5><div class=\"et_pb_toggle_content et_flex_module\"><p data-start=\"136\" data-end=\"425\">No estamos totalmente aislados, pero las opciones son limitadas.<br \/>En Cosanga (a 1.5 km) hay algunos peque\u00f1os restaurantes, y la <a href=\"https:\/\/www.instagram.com\/hospedaje_nancy\/\">casa de Do\u00f1a Nancy<\/a>, es parada obligatoria \u2014 una leyenda local y pura dulzura. <\/p>\n<p data-start=\"427\" data-end=\"658\">Si tienes veh\u00edculo, puedes ir a Baeza (30 min) para m\u00e1s opciones. Ojo: las habitaciones no tienen refrigerador y la cocina es solo para el personal, as\u00ed que lo mejor es comer afuera o con nosotros. <\/p>\n<\/div><\/div>\n\n<div class=\"et_pb_accordion_item_12 et_pb_accordion_item et_pb_toggle et_pb_module et_pb_toggle_close et_flex_module\"><h5 class=\"et_pb_toggle_title\">\u00bfCu\u00e1l es tu pol\u00edtica de reservas\/anulaciones?  <\/h5><div class=\"et_pb_toggle_content et_flex_module\"><p data-start=\"127\" data-end=\"319\">Para confirmar tu reserva pedimos un dep\u00f3sito del <strong data-start=\"200\" data-end=\"215\">50%.<\/strong><br \/>Una vez que definamos los detalles, te enviaremos un enlace seguro para pago con tarjeta o detalles del banco para la transferencia <\/p>\n<p data-start=\"323\" data-end=\"554\"><strong data-start=\"323\" data-end=\"335\">Reembolsos:<\/strong><br data-start=\"335\" data-end=\"338\">- Cancelaci\u00f3n <strong data-start=\"350\" data-end=\"369\">28 d\u00edas o m\u00e1s<\/strong> antes de la llegada \u2192 Reembolso total del dep\u00f3sito.<br data-start=\"410\" data-end=\"413\">- Cancelaci\u00f3n <strong data-start=\"425\" data-end=\"439\">15-27 d\u00edas<\/strong> antes de la llegada \u2192 Reembolso del 50% del dep\u00f3sito.<br data-start=\"479\" data-end=\"482\">- Cancelaci\u00f3n <strong data-start=\"494\" data-end=\"512\" data-is-only-node=\"\">14 d\u00edas<\/strong> antes de la llegada \u2192 El dep\u00f3sito no es reembolsable.<\/p>\n<p data-start=\"556\" data-end=\"693\">Sabemos que la vida pasa \u2014 si surge una emergencia, cont\u00e1ctenos y buscaremos una soluci\u00f3n justa. <\/p>\n<p data-start=\"695\" data-end=\"755\">El <strong data-start=\"699\" data-end=\"716\">50% restante<\/strong> del pago debe efectuarse a la llegada.<\/p>\n<\/div><\/div>\n\n<div class=\"et_pb_accordion_item_13 et_pb_accordion_item et_pb_toggle et_pb_module et_pb_toggle_close et_flex_module\"><h5 class=\"et_pb_toggle_title\">\u00bfEs seguro viajar a Ecuador?  <\/h5><div class=\"et_pb_toggle_content et_flex_module\"><p>Si lo buscas en Google ver\u00e1s opiniones variadas, pero mi respuesta es s\u00ed.<br \/>Han pasado cosas desagradables, pero eso ocurre en todos lados.<br \/>Cosanga es un pueblo tranquilo de pajareros.En Quito, tr\u00e1telo como cualquier gran ciudad: cuida tus pertenencias y usa taxis confiables. Yo \u2014Toni, la gringa\u2014 llevo m\u00e1s de 20 a\u00f1os viviendo aqu\u00ed y me siento segura, bienvenida y feliz. La gente es incre\u00edble, la cultura hermosa, y las aves, un verdadero \u201cchef\u2019s kiss.\u201d     <\/p>\n<\/div><\/div>\n<\/div>\n<\/div>\n<\/div>\n<\/div>\n\n<div class=\"et_pb_section_3 et_pb_section et_section_regular et_flex_section\">\n<div class=\"et_pb_row_2 et_pb_row et_flex_row\">\n<div class=\"et_pb_column_2 et_pb_column et-last-child et_flex_column et_pb_css_mix_blend_mode_passthrough et_flex_column_24_24 et_flex_column_24_24_tablet et_flex_column_24_24_phone\">\n<div class=\"et_pb_heading_3 et_pb_heading et_pb_module et_flex_module\"><div class=\"et_pb_heading_container\"><h2 class=\"et_pb_module_header\">\u00bfTodav\u00eda tienes preguntas?<\/h2><\/div><\/div>\n\n<div class=\"et_pb_text_1 et_pb_text et_pb_bg_layout_light et_pb_module et_flex_module\"><div class=\"et_pb_text_inner\"><p data-start=\"81\" data-end=\"414\">Intentamos cubrirlo todo \u2014 desde qu\u00e9 botas traer hasta si las aves posan bien para las fotos (spoiler: no lo hacen). \ud83d\ude04 Pero si tu pregunta urgente no aparece en la lista, nos encantar\u00eda saberla.<br \/>Env\u00edanos un mensaje y te responderemos m\u00e1s r\u00e1pido que un colibr\u00ed en un bebedero.  <\/p>\n<p data-start=\"416\" data-end=\"553\">Tu aventura de aviturismo en Ecuador deber\u00eda ser emocionante, sin estr\u00e9s y con un toque de magia,<br \/>y estamos aqu\u00ed para asegurarnos de que as\u00ed sea.<\/p>\n<\/div><\/div>\n\n<div class=\"et_pb_module et_pb_button_module_wrapper et_pb_button_1_wrapper\"><a class=\"et_pb_button_1 et_pb_button et_pb_bg_layout_light et_pb_module et_flex_module\" href=\"https:\/\/cabanastamiaju.com\/contact-ecuador-birding-lodge\/\">\u00a1Preg\u00fantanos lo que quieras!<\/a><\/div>\n<\/div>\n<\/div>\n<\/div>","protected":false},"excerpt":{"rendered":"","protected":false},"author":2,"featured_media":0,"parent":0,"menu_order":0,"comment_status":"closed","ping_status":"closed","template":"","meta":{"_wp_convertkit_post_meta":{"form":"-1","landing_page":"0","tag":"0","restrict_content":"0"},"footnotes":""},"class_list":["post-1990","page","type-page","status-publish","hentry"],"_links":{"self":[{"href":"https:\/\/cabanastamiaju.com\/es\/wp-json\/wp\/v2\/pages\/1990","targetHints":{"allow":["GET"]}}],"collection":[{"href":"https:\/\/cabanastamiaju.com\/es\/wp-json\/wp\/v2\/pages"}],"about":[{"href":"https:\/\/cabanastamiaju.com\/es\/wp-json\/wp\/v2\/types\/page"}],"author":[{"embeddable":true,"href":"https:\/\/cabanastamiaju.com\/es\/wp-json\/wp\/v2\/users\/2"}],"replies":[{"embeddable":true,"href":"https:\/\/cabanastamiaju.com\/es\/wp-json\/wp\/v2\/comments?post=1990"}],"version-history":[{"count":0,"href":"https:\/\/cabanastamiaju.com\/es\/wp-json\/wp\/v2\/pages\/1990\/revisions"}],"wp:attachment":[{"href":"https:\/\/cabanastamiaju.com\/es\/wp-json\/wp\/v2\/media?parent=1990"}],"curies":[{"name":"wp","href":"https:\/\/api.w.org\/{rel}","templated":true}]}}