{"id":1991,"date":"2025-07-02T17:17:53","date_gmt":"2025-07-02T17:17:53","guid":{"rendered":"https:\/\/cabanastamiaju.com\/nuestra-historia\/"},"modified":"2025-10-29T16:51:06","modified_gmt":"2025-10-29T16:51:06","slug":"nuestra-historia","status":"publish","type":"page","link":"https:\/\/cabanastamiaju.com\/es\/nuestra-historia\/","title":{"rendered":"Nuestra historia"},"content":{"rendered":"<div class=\"et_pb_section_0 et_pb_section et_section_regular et_flex_section\"><\/div>\n\n<div class=\"et_pb_section_1 et_pb_section et_section_regular et_flex_section\">\n<div class=\"et_pb_row_0 et_pb_row et_flex_row\">\n<div class=\"et_pb_column_0 et_pb_column et-last-child et_flex_column et_pb_css_mix_blend_mode_passthrough et_flex_column_24_24 et_flex_column_24_24_tablet et_flex_column_24_24_phone\">\n<div class=\"et_pb_heading_0 et_pb_heading et_pb_module et_flex_module\"><div class=\"et_pb_heading_container\"><h1 class=\"et_pb_module_header\">Nuestra historia: Un lodge ecol\u00f3gico familiar en el bosque nuboso de Ecuador<\/h1><\/div><\/div>\n\n<div class=\"et_pb_heading_1 et_pb_heading et_pb_module et_flex_module\"><div class=\"et_pb_heading_container\"><h2 class=\"et_pb_module_header\">\u00bfEn qu\u00e9 nos hemos metido?  <\/h2><\/div><\/div>\n\n<div class=\"et_pb_heading_2 et_pb_heading et_pb_module et_flex_module\"><div class=\"et_pb_heading_container\"><h3 class=\"et_pb_module_header\">El romance<\/h3><\/div><\/div>\n\n<div class=\"et_pb_row_1 et_pb_row et_pb_row_nested et_flex_row\">\n<div class=\"et_pb_column_1 et_pb_column et_flex_column et_pb_css_mix_blend_mode_passthrough et_flex_column_24_24 et_flex_column_24_24_tablet et_flex_column_24_24_phone\">\n<div class=\"et_pb_image_0 et_pb_image et_pb_module et_flex_module\"><span class=\"et_pb_image_wrap\"><img decoding=\"async\" data-src=\"https:\/\/cabanastamiaju.com\/wp-content\/uploads\/2025\/07\/cropped-wedding.jpg\" width=\"320\" height=\"240\" data-srcset=\"https:\/\/cabanastamiaju.com\/wp-content\/uploads\/2025\/07\/cropped-wedding.jpg 320w, https:\/\/cabanastamiaju.com\/wp-content\/uploads\/2025\/07\/cropped-wedding-300x225.jpg 300w\" data-sizes=\"(max-width: 320px) 100vw, 320px\" class=\"wp-image-267 lazyload\" src=\"data:image\/svg+xml;base64,PHN2ZyB3aWR0aD0iMSIgaGVpZ2h0PSIxIiB4bWxucz0iaHR0cDovL3d3dy53My5vcmcvMjAwMC9zdmciPjwvc3ZnPg==\" style=\"--smush-placeholder-width: 320px; --smush-placeholder-aspect-ratio: 320\/240;\" \/><\/span><\/div>\n<\/div>\n\n<div class=\"et_pb_column_2 et_pb_column et-last-child et_flex_column et_pb_css_mix_blend_mode_passthrough et_flex_column_24_24 et_flex_column_24_24_tablet et_flex_column_24_24_phone\">\n<div class=\"et_pb_text_0 et_pb_text et_pb_bg_layout_light et_pb_module et_flex_module\"><div class=\"et_pb_text_inner\" data-et-mv-hidden-tablet=\"true\"><p>\u00bfQu\u00e9 ocurre cuando juntas a un carpintero ecuatoriano con un bi\u00f3logo estadounidense? Pues, Tamiaju, obviamente. Eladio y Toni se conocieron en Cosanga en 2014 y, como ten\u00edamos m\u00e1s de 30 a\u00f1os, no perdimos el tiempo. Once meses despu\u00e9s, nos casamos en una peque\u00f1a ceremonia en el patio, con Johnny (eventualmente convencido) de testigo.    Tamiaju no es s\u00f3lo un lodge. Es una historia de amor construida en los Andes; un alojamiento ecol\u00f3gico familiar en Ecuador con ra\u00edces tan profundas como los \u00e1rboles del bosque nublado que nos rodea. <\/p>\n<\/div><\/div>\n<\/div>\n<\/div>\n\n<div class=\"et_pb_row_2 et_pb_row et_pb_row_nested et_flex_row\">\n<div class=\"et_pb_column_3 et_pb_column et-last-child et_flex_column et_pb_css_mix_blend_mode_passthrough et_flex_column_24_24 et_flex_column_24_24_tablet et_flex_column_24_24_phone\">\n<div class=\"et_pb_heading_3 et_pb_heading et_pb_module et_flex_module\"><div class=\"et_pb_heading_container\"><h3 class=\"et_pb_module_header\">Todo empez\u00f3 con una motosierra<\/h3><\/div><\/div>\n<\/div>\n<\/div>\n\n<div class=\"et_pb_row_3 et_pb_row et_pb_row_nested et_flex_row\">\n<div class=\"et_pb_column_4 et_pb_column et_flex_column et_pb_css_mix_blend_mode_passthrough et_flex_column_24_24 et_flex_column_24_24_tablet et_flex_column_24_24_phone\">\n<div class=\"et_pb_text_1 et_pb_text et_pb_bg_layout_light et_pb_module et_flex_module\"><div class=\"et_pb_text_inner\" data-et-mv-hidden-phone=\"true\"><p>Tamiaju empez\u00f3 cuando los padres de Toni vinieron de visita durante un mes. Aunque no hablan el mismo idioma, el padre de Toni, John, y Eladio mantienen una intensa amistad. Eladio, armado \u00fanicamente con una motosierra, construy\u00f3 la primera caba\u00f1a: la MAD house (Mam\u00e1 y Pap\u00e1). Cuando mis padres no la usaban, la pusimos a la venta en Airbnb... y empezamos a so\u00f1ar a lo grande.    <span style=\"font-size: 18px;\">Aquella caba\u00f1a se convirti\u00f3 en un alojamiento peque\u00f1o y asequible donde los observadores de aves y los aficionados a la naturaleza pod\u00edan alojarse cerca de los bosques nubosos de Ecuador sin pagar precios de lujo.<\/span><\/p>\n<\/div><\/div>\n<\/div>\n\n<div class=\"et_pb_column_5 et_pb_column et-last-child et_flex_column et_pb_css_mix_blend_mode_passthrough et_flex_column_24_24 et_flex_column_24_24_tablet et_flex_column_24_24_phone\">\n<div class=\"et_pb_image_1 et_pb_image et_pb_module et_flex_module\"><span class=\"et_pb_image_wrap\"><img decoding=\"async\" data-src=\"https:\/\/cabanastamiaju.com\/wp-content\/uploads\/2025\/08\/MAD-house-1-1.jpg\" width=\"320\" height=\"240\" data-srcset=\"https:\/\/cabanastamiaju.com\/wp-content\/uploads\/2025\/08\/MAD-house-1-1.jpg 320w, https:\/\/cabanastamiaju.com\/wp-content\/uploads\/2025\/08\/MAD-house-1-1-300x225.jpg 300w\" data-sizes=\"(max-width: 320px) 100vw, 320px\" class=\"wp-image-543 lazyload\" src=\"data:image\/svg+xml;base64,PHN2ZyB3aWR0aD0iMSIgaGVpZ2h0PSIxIiB4bWxucz0iaHR0cDovL3d3dy53My5vcmcvMjAwMC9zdmciPjwvc3ZnPg==\" style=\"--smush-placeholder-width: 320px; --smush-placeholder-aspect-ratio: 320\/240;\" \/><\/span><\/div>\n<\/div>\n<\/div>\n\n<div class=\"et_pb_heading_4 et_pb_heading et_pb_module et_flex_module\"><div class=\"et_pb_heading_container\"><h3 class=\"et_pb_module_header\">De Cosanga a Alaska (y de vuelta, y otra vez, y otra vez...)<\/h3><\/div><\/div>\n\n<div class=\"et_pb_row_4 et_pb_row et_pb_row_nested et_flex_row\">\n<div class=\"et_pb_column_6 et_pb_column et_flex_column et_pb_css_mix_blend_mode_passthrough et_flex_column_24_24 et_flex_column_24_24_tablet et_flex_column_24_24_phone\">\n<div class=\"et_pb_image_2 et_pb_image et_pb_module et_flex_module\"><span class=\"et_pb_image_wrap\"><img decoding=\"async\" data-src=\"https:\/\/cabanastamiaju.com\/wp-content\/uploads\/2025\/07\/Toni-in-Alaska.jpeg\" width=\"320\" height=\"240\" data-srcset=\"https:\/\/cabanastamiaju.com\/wp-content\/uploads\/2025\/07\/Toni-in-Alaska.jpeg 320w, https:\/\/cabanastamiaju.com\/wp-content\/uploads\/2025\/07\/Toni-in-Alaska-300x225.jpeg 300w\" data-sizes=\"(max-width: 320px) 100vw, 320px\" class=\"wp-image-269 lazyload\" src=\"data:image\/svg+xml;base64,PHN2ZyB3aWR0aD0iMSIgaGVpZ2h0PSIxIiB4bWxucz0iaHR0cDovL3d3dy53My5vcmcvMjAwMC9zdmciPjwvc3ZnPg==\" style=\"--smush-placeholder-width: 320px; --smush-placeholder-aspect-ratio: 320\/240;\" \/><\/span><\/div>\n<\/div>\n\n<div class=\"et_pb_column_7 et_pb_column et-last-child et_flex_column et_pb_css_mix_blend_mode_passthrough et_flex_column_24_24 et_flex_column_24_24_tablet et_flex_column_24_24_phone\">\n<div class=\"et_pb_text_2 et_pb_text et_pb_bg_layout_light et_pb_module et_flex_module\"><div class=\"et_pb_text_inner\" data-et-mv-hidden-tablet=\"true\"><p style=\"text-align: center;\">En 2017, Zo, una amiga de Toni, le ofreci\u00f3 un trabajo de verano en Alaska. \u00a1La idea era, ir un verano, construir el imperio, et voila! El sue\u00f1o: crear un negocio forestal sostenible que apoyara a nuestra familia, y, con suerte, tambi\u00e9n a nuestros vecinos. Pues bien, un verano se convirti\u00f3 en seis, y en tres largos inviernos extrafr\u00edos y extraoscuros.   <\/p>\n<p data-start=\"2034\" data-end=\"2177\">Pero el objetivo nunca cambi\u00f3: crear un lodge de conservaci\u00f3n en Ecuador que proteja el bosque y genere oportunidades locales.<\/p>\n<\/div><\/div>\n<\/div>\n<\/div>\n\n<div class=\"et_pb_heading_5 et_pb_heading et_pb_module et_flex_module\"><div class=\"et_pb_heading_container\"><h3 class=\"et_pb_module_header\">Comprar Bosque en una Pandemia (\u00bfPor qu\u00e9 no?)<\/h3><\/div><\/div>\n\n<div class=\"et_pb_row_5 et_pb_row et_pb_row_nested et_flex_row\">\n<div class=\"et_pb_column_8 et_pb_column et_flex_column et_pb_css_mix_blend_mode_passthrough et_flex_column_24_24 et_flex_column_24_24_tablet et_flex_column_24_24_phone\">\n<div class=\"et_pb_text_3 et_pb_text et_pb_bg_layout_light et_pb_module et_flex_module\"><div class=\"et_pb_text_inner\" data-et-mv-hidden-tablet=\"true\"><p>En marzo de 2020 (\u00bfalguien recuerda qu\u00e9 \u00e9poca tan rara era aquella?), compramos cinco hect\u00e1reas de un hermoso bosque nublaso justo al otro lado del r\u00edo de nuestra propiedad. Ahora estamos conservando esa tierra como parte de nuestro compromiso a largo plazo con la conservaci\u00f3n de los bosques en Ecuador. <\/p>\n<\/div><\/div>\n<\/div>\n\n<div class=\"et_pb_column_9 et_pb_column et-last-child et_flex_column et_pb_css_mix_blend_mode_passthrough et_flex_column_24_24 et_flex_column_24_24_tablet et_flex_column_24_24_phone\">\n<div class=\"et_pb_image_3 et_pb_image et_pb_module et_flex_module\"><span class=\"et_pb_image_wrap\"><img decoding=\"async\" data-src=\"https:\/\/cabanastamiaju.com\/wp-content\/uploads\/2025\/07\/Tamiaju-Forest.jpeg\" width=\"320\" height=\"240\" data-srcset=\"https:\/\/cabanastamiaju.com\/wp-content\/uploads\/2025\/07\/Tamiaju-Forest.jpeg 320w, https:\/\/cabanastamiaju.com\/wp-content\/uploads\/2025\/07\/Tamiaju-Forest-300x225.jpeg 300w\" data-sizes=\"(max-width: 320px) 100vw, 320px\" class=\"wp-image-270 lazyload\" src=\"data:image\/svg+xml;base64,PHN2ZyB3aWR0aD0iMSIgaGVpZ2h0PSIxIiB4bWxucz0iaHR0cDovL3d3dy53My5vcmcvMjAwMC9zdmciPjwvc3ZnPg==\" style=\"--smush-placeholder-width: 320px; --smush-placeholder-aspect-ratio: 320\/240;\" \/><\/span><\/div>\n<\/div>\n<\/div>\n\n<div class=\"et_pb_heading_6 et_pb_heading et_pb_module et_flex_module\"><div class=\"et_pb_heading_container\"><h3 class=\"et_pb_module_header\">\u00bfY ahora qu\u00e9?<\/h3><\/div><\/div>\n\n<div class=\"et_pb_row_6 et_pb_row et_pb_row_nested et_flex_row\">\n<div class=\"et_pb_column_10 et_pb_column et_flex_column et_pb_css_mix_blend_mode_passthrough et_flex_column_24_24 et_flex_column_24_24_tablet et_flex_column_24_24_phone\">\n<div class=\"et_pb_image_4 et_pb_image et_pb_module et_flex_module\"><span class=\"et_pb_image_wrap\"><img decoding=\"async\" data-src=\"https:\/\/cabanastamiaju.com\/wp-content\/uploads\/2025\/07\/Eladio-in-the-Tamiaju-Forest.jpeg\" width=\"320\" height=\"240\" data-srcset=\"https:\/\/cabanastamiaju.com\/wp-content\/uploads\/2025\/07\/Eladio-in-the-Tamiaju-Forest.jpeg 320w, https:\/\/cabanastamiaju.com\/wp-content\/uploads\/2025\/07\/Eladio-in-the-Tamiaju-Forest-300x225.jpeg 300w\" data-sizes=\"(max-width: 320px) 100vw, 320px\" class=\"wp-image-272 lazyload\" src=\"data:image\/svg+xml;base64,PHN2ZyB3aWR0aD0iMSIgaGVpZ2h0PSIxIiB4bWxucz0iaHR0cDovL3d3dy53My5vcmcvMjAwMC9zdmciPjwvc3ZnPg==\" style=\"--smush-placeholder-width: 320px; --smush-placeholder-aspect-ratio: 320\/240;\" \/><\/span><\/div>\n<\/div>\n\n<div class=\"et_pb_column_11 et_pb_column et-last-child et_flex_column et_pb_css_mix_blend_mode_passthrough et_flex_column_24_24 et_flex_column_24_24_tablet et_flex_column_24_24_phone\">\n<div class=\"et_pb_text_4 et_pb_text et_pb_bg_layout_light et_pb_module et_flex_module\"><div class=\"et_pb_text_inner\" data-et-mv-hidden-tablet=\"true\"><p><span style=\"font-size: 18px;\">Construimos Caba\u00f1as Tamiaju desde cero con un optimismo obstinado, mucho amor y una pizca de humor. A\u00fan no hemos terminado. <\/span><\/p>\n<p data-start=\"2617\" data-end=\"2897\">Construimos Caba\u00f1as Tamiaju desde cero, con optimismo terco, mucho amor y una buena dosis de humor.<br \/>Y todav\u00eda no hemos terminado.<br \/>Nuestro sue\u00f1o es mantener el bosque intacto, que el lodge siga siendo peque\u00f1o, significativo y asequible,<br \/>y que Cosanga siga en el mapa como un epicentro mundial de observaci\u00f3n de aves.<br \/>Seguimos sembrando \u00e1rboles, abriendo puertas y recibiendo a quienes quieren experimentar la magia extra\u00f1a y hermosa del bosque nublado.<br \/>Cada d\u00eda trae una nueva aventura y cada hu\u00e9sped, una nueva perspectiva.<br \/>Nos encantar\u00eda que t\u00fa tambi\u00e9n seas parte de esta historia. <\/p>\n<\/div><\/div>\n<\/div>\n<\/div>\n<\/div>\n<\/div>\n\n<div class=\"et_pb_row_7 et_pb_row et_flex_row\">\n<div class=\"et_pb_column_12 et_pb_column et-last-child et_flex_column et_pb_css_mix_blend_mode_passthrough et_flex_column_24_24 et_flex_column_24_24_tablet et_flex_column_24_24_phone\">\n<div class=\"et_pb_module et_pb_button_module_wrapper et_pb_button_0_wrapper\"><a class=\"et_pb_button_0 et_pb_button et_pb_bg_layout_light et_pb_module et_flex_module\" href=\"https:\/\/cabanastamiaju.com\/book-ecuador-birding-lodge\/\">Reserva un viaje<\/a><\/div>\n<\/div>\n<\/div>\n<\/div>\n\n<div class=\"et_pb_section_2 et_pb_section et_section_regular et_flex_section\">\n<div class=\"et_pb_row_8 et_pb_row et_block_row\">\n<div class=\"et_pb_column_13 et_pb_column et_pb_column_4_4 et-last-child et_block_column et_pb_css_mix_blend_mode_passthrough et_clickable\">\n<div class=\"et_pb_heading_7 et_pb_heading et_pb_module et_flex_module\"><div class=\"et_pb_heading_container\"><h2 class=\"et_pb_module_header\">\u00a1Conoce al equipo!  <\/h2><\/div><\/div>\n<\/div>\n<\/div>\n\n<div class=\"et_pb_row_9 et_pb_row et_flex_row\">\n<div class=\"et_pb_column_14 et_pb_column et_flex_column et_pb_css_mix_blend_mode_passthrough et_clickable et_flex_column_24_24 et_flex_column_24_24_tablet et_flex_column_24_24_phone\">\n<div class=\"et_pb_image_5 et_pb_image et_pb_module et_flex_module\"><span class=\"et_pb_image_wrap\"><img decoding=\"async\" data-src=\"https:\/\/cabanastamiaju.com\/wp-content\/uploads\/2025\/08\/IMG_1642.jpeg\" width=\"320\" height=\"240\" data-srcset=\"https:\/\/cabanastamiaju.com\/wp-content\/uploads\/2025\/08\/IMG_1642.jpeg 320w, https:\/\/cabanastamiaju.com\/wp-content\/uploads\/2025\/08\/IMG_1642-300x225.jpeg 300w\" data-sizes=\"(max-width: 320px) 100vw, 320px\" class=\"wp-image-586 lazyload\" title=\"Monica\" alt=\"Monica, our cook at Caba\u00f1as Tamiaju, standing in the kitchen holding a tray.\" src=\"data:image\/svg+xml;base64,PHN2ZyB3aWR0aD0iMSIgaGVpZ2h0PSIxIiB4bWxucz0iaHR0cDovL3d3dy53My5vcmcvMjAwMC9zdmciPjwvc3ZnPg==\" style=\"--smush-placeholder-width: 320px; --smush-placeholder-aspect-ratio: 320\/240;\" \/><\/span><\/div>\n\n<div class=\"et_pb_heading_8 et_pb_heading et_pb_module et_flex_module\"><div class=\"et_pb_heading_container\"><h3 class=\"et_pb_module_header\">M\u00f3nica<\/h3><\/div><\/div>\n\n<div class=\"et_pb_text_5 et_pb_text et_pb_bg_layout_light et_pb_module et_flex_module\"><div class=\"et_pb_text_inner\"><p>Reina de la cocina y susurro de invernadero. Cultiva los ingredientes, los cocina y logra que todo parezca f\u00e1cil. En su tiempo libre (que no es mucho), es mam\u00e1 de cinco y fan n\u00famero uno del f\u00fatbol de Cosanga, siempre que haya familia en la cancha.   <\/p>\n<\/div><\/div>\n<\/div>\n\n<div class=\"et_pb_column_15 et_pb_column et_flex_column et_pb_css_mix_blend_mode_passthrough et_clickable et_flex_column_24_24 et_flex_column_24_24_tablet et_flex_column_24_24_phone\">\n<div class=\"et_pb_image_6 et_pb_image et_pb_module et_flex_module\"><span class=\"et_pb_image_wrap\"><img decoding=\"async\" data-src=\"https:\/\/cabanastamiaju.com\/wp-content\/uploads\/2025\/07\/Byron.jpeg\" width=\"320\" height=\"240\" data-srcset=\"https:\/\/cabanastamiaju.com\/wp-content\/uploads\/2025\/07\/Byron.jpeg 320w, https:\/\/cabanastamiaju.com\/wp-content\/uploads\/2025\/07\/Byron-300x225.jpeg 300w\" data-sizes=\"(max-width: 320px) 100vw, 320px\" class=\"wp-image-408 lazyload\" title=\"Byron\" alt=\"Byron standing in a muddy clearing with a wheelbarrow and shovel, working on a bird observation platform in the forest at Caba\u00f1as Tamiaju.\" src=\"data:image\/svg+xml;base64,PHN2ZyB3aWR0aD0iMSIgaGVpZ2h0PSIxIiB4bWxucz0iaHR0cDovL3d3dy53My5vcmcvMjAwMC9zdmciPjwvc3ZnPg==\" style=\"--smush-placeholder-width: 320px; --smush-placeholder-aspect-ratio: 320\/240;\" \/><\/span><\/div>\n\n<div class=\"et_pb_heading_9 et_pb_heading et_pb_module et_flex_module\"><div class=\"et_pb_heading_container\"><h3 class=\"et_pb_module_header\">Byron<\/h3><\/div><\/div>\n\n<div class=\"et_pb_text_6 et_pb_text et_pb_bg_layout_light et_pb_module et_flex_module\"><div class=\"et_pb_text_inner\"><p>Byron es el maestro de los machetes, del mantenimiento y de mantener a Eladio en sus tareas. Aqu\u00ed est\u00e1 ayudando a construir una nueva plataforma de observaci\u00f3n de aves cerca de nuestra trampa de luz. Hace que la naturaleza parezca un poco m\u00e1s organizada.  <\/p>\n<\/div><\/div>\n<\/div>\n\n<div class=\"et_pb_column_16 et_pb_column et-last-child et_flex_column et_pb_css_mix_blend_mode_passthrough et_flex_column_24_24 et_flex_column_24_24_tablet et_flex_column_24_24_phone\">\n<div class=\"et_pb_image_7 et_pb_image et_pb_module et_flex_module\"><span class=\"et_pb_image_wrap\"><img decoding=\"async\" data-src=\"https:\/\/cabanastamiaju.com\/wp-content\/uploads\/2025\/07\/Jhonny.jpeg\" width=\"320\" height=\"240\" data-srcset=\"https:\/\/cabanastamiaju.com\/wp-content\/uploads\/2025\/07\/Jhonny.jpeg 320w, https:\/\/cabanastamiaju.com\/wp-content\/uploads\/2025\/07\/Jhonny-300x225.jpeg 300w\" data-sizes=\"(max-width: 320px) 100vw, 320px\" class=\"wp-image-409 lazyload\" title=\"Jhonny\" alt=\"Jhonny photographing birds in a misty field with a telephoto lens, mountains in the background, wearing a black jacket and backpack.\" src=\"data:image\/svg+xml;base64,PHN2ZyB3aWR0aD0iMSIgaGVpZ2h0PSIxIiB4bWxucz0iaHR0cDovL3d3dy53My5vcmcvMjAwMC9zdmciPjwvc3ZnPg==\" style=\"--smush-placeholder-width: 320px; --smush-placeholder-aspect-ratio: 320\/240;\" \/><\/span><\/div>\n\n<div class=\"et_pb_heading_10 et_pb_heading et_pb_module et_flex_module\"><div class=\"et_pb_heading_container\"><h3 class=\"et_pb_module_header\">Jhonny<\/h3><\/div><\/div>\n\n<div class=\"et_pb_text_7 et_pb_text et_pb_bg_layout_light et_pb_module et_flex_module\"><div class=\"et_pb_text_inner\"><p>Si sales con Johnny y quieres ver buenas aves, aseg\u00farate de que se deja la c\u00e1mara (ya sabes c\u00f3mo es). Es nuestro fot\u00f3grafo de aves residente, camarero de colibr\u00edes (s\u00ed, gastamos 45 kg de az\u00facar al mes) y guada\u00f1ador. <\/p>\n<\/div><\/div>\n<\/div>\n<\/div>\n\n<div class=\"et_pb_row_10 et_pb_row et_flex_row\">\n<div class=\"et_pb_column_17 et_pb_column et_flex_column et_pb_css_mix_blend_mode_passthrough et_clickable et_flex_column_24_24 et_flex_column_24_24_tablet et_flex_column_24_24_phone\">\n<div class=\"et_pb_image_8 et_pb_image et_pb_module et_flex_module\"><span class=\"et_pb_image_wrap\"><img decoding=\"async\" data-src=\"https:\/\/cabanastamiaju.com\/wp-content\/uploads\/2025\/07\/Alison.jpg\" width=\"312\" height=\"234\" data-srcset=\"https:\/\/cabanastamiaju.com\/wp-content\/uploads\/2025\/07\/Alison.jpg 312w, https:\/\/cabanastamiaju.com\/wp-content\/uploads\/2025\/07\/Alison-300x225.jpg 300w\" data-sizes=\"(max-width: 312px) 100vw, 312px\" class=\"wp-image-410 lazyload\" title=\"Alison\" alt=\"Alison standing outdoors in a gray zip-up sweatshirt, hands on hips, with a calm and serious expression.\" src=\"data:image\/svg+xml;base64,PHN2ZyB3aWR0aD0iMSIgaGVpZ2h0PSIxIiB4bWxucz0iaHR0cDovL3d3dy53My5vcmcvMjAwMC9zdmciPjwvc3ZnPg==\" style=\"--smush-placeholder-width: 312px; --smush-placeholder-aspect-ratio: 312\/234;\" \/><\/span><\/div>\n\n<div class=\"et_pb_heading_11 et_pb_heading et_pb_module et_flex_module\"><div class=\"et_pb_heading_container\"><h3 class=\"et_pb_module_header\">Alison<\/h3><\/div><\/div>\n\n<div class=\"et_pb_text_8 et_pb_text et_pb_bg_layout_light et_pb_module et_flex_module\"><div class=\"et_pb_text_inner\"><p>T\u00edmida pero poderosa. Puede que no la veas, pero sentir\u00e1s su presencia en las habitaciones impecables y en los toques detallados .Si le haces se\u00f1as y desaparece, no te asustes \u2014 no te est\u00e1 ignorando, solo se mueve muy r\u00e1pido.   <\/p>\n<\/div><\/div>\n<\/div>\n\n<div class=\"et_pb_column_18 et_pb_column et_flex_column et_pb_css_mix_blend_mode_passthrough et_clickable et_flex_column_24_24 et_flex_column_24_24_tablet et_flex_column_24_24_phone\">\n<div class=\"et_pb_image_9 et_pb_image et_pb_module et_flex_module\"><span class=\"et_pb_image_wrap\"><img decoding=\"async\" data-src=\"https:\/\/cabanastamiaju.com\/wp-content\/uploads\/2025\/07\/Eladio.jpeg\" width=\"320\" height=\"240\" data-srcset=\"https:\/\/cabanastamiaju.com\/wp-content\/uploads\/2025\/07\/Eladio.jpeg 320w, https:\/\/cabanastamiaju.com\/wp-content\/uploads\/2025\/07\/Eladio-300x225.jpeg 300w\" data-sizes=\"(max-width: 320px) 100vw, 320px\" class=\"wp-image-411 lazyload\" title=\"Eladio\" alt=\"Eladio standing on mossy river rocks while fishing, surrounded by lush forest and clear green water.\" src=\"data:image\/svg+xml;base64,PHN2ZyB3aWR0aD0iMSIgaGVpZ2h0PSIxIiB4bWxucz0iaHR0cDovL3d3dy53My5vcmcvMjAwMC9zdmciPjwvc3ZnPg==\" style=\"--smush-placeholder-width: 320px; --smush-placeholder-aspect-ratio: 320\/240;\" \/><\/span><\/div>\n\n<div class=\"et_pb_heading_12 et_pb_heading et_pb_module et_flex_module\"><div class=\"et_pb_heading_container\"><h3 class=\"et_pb_module_header\">Eladio<\/h3><\/div><\/div>\n\n<div class=\"et_pb_text_9 et_pb_text et_pb_bg_layout_light et_pb_module et_flex_module\"><div class=\"et_pb_text_inner\"><p>Constructor de puentes, reparador de tuber\u00edas, soldador de artilugios extra\u00f1os. Si existe en Tamiaju, lo m\u00e1s probable es que Eladio lo haya construido. Si est\u00e1 roto, ya est\u00e1 a medio arreglar; con o sin instrucciones.  <\/p>\n<\/div><\/div>\n<\/div>\n\n<div class=\"et_pb_column_19 et_pb_column et-last-child et_flex_column et_pb_css_mix_blend_mode_passthrough et_flex_column_24_24 et_flex_column_24_24_tablet et_flex_column_24_24_phone\">\n<div class=\"et_pb_image_10 et_pb_image et_pb_module et_flex_module\"><span class=\"et_pb_image_wrap\"><img decoding=\"async\" data-src=\"https:\/\/cabanastamiaju.com\/wp-content\/uploads\/2025\/07\/Toni.jpeg\" width=\"320\" height=\"240\" data-srcset=\"https:\/\/cabanastamiaju.com\/wp-content\/uploads\/2025\/07\/Toni.jpeg 320w, https:\/\/cabanastamiaju.com\/wp-content\/uploads\/2025\/07\/Toni-300x225.jpeg 300w\" data-sizes=\"(max-width: 320px) 100vw, 320px\" class=\"wp-image-412 lazyload\" title=\"Toni\" alt=\"Toni smiling by a rushing creek in the forest, wearing camouflage and a backpack.\" src=\"data:image\/svg+xml;base64,PHN2ZyB3aWR0aD0iMSIgaGVpZ2h0PSIxIiB4bWxucz0iaHR0cDovL3d3dy53My5vcmcvMjAwMC9zdmciPjwvc3ZnPg==\" style=\"--smush-placeholder-width: 320px; --smush-placeholder-aspect-ratio: 320\/240;\" \/><\/span><\/div>\n\n<div class=\"et_pb_heading_13 et_pb_heading et_pb_module et_flex_module\"><div class=\"et_pb_heading_container\"><h3 class=\"et_pb_module_header\">Toni<\/h3><\/div><\/div>\n\n<div class=\"et_pb_text_10 et_pb_text et_pb_bg_layout_light et_pb_module et_flex_module\"><div class=\"et_pb_text_inner\"><p>\u00a1Esa soy yo! Respondo tus correos, a veces aparezco en la cocina, y pretendo saber lo que hago en esta web. Hablo espa\u00f1ol, ingl\u00e9s y un poquito de franc\u00e9s, y estoy aqu\u00ed para asegurarme de que llegues, comas bien y te lleves inspiraci\u00f3n del bosque.   <\/p>\n<\/div><\/div>\n<\/div>\n<\/div>\n<\/div>\n\n<div class=\"et_pb_section_3 et_pb_section et_section_regular et_flex_section\">\n<div class=\"et_pb_row_11 et_pb_row et_flex_row\">\n<div class=\"et_pb_column_20 et_pb_column et-last-child et_flex_column et_pb_css_mix_blend_mode_passthrough et_flex_column_24_24 et_flex_column_24_24_tablet et_flex_column_24_24_phone\">\n<div class=\"et_pb_heading_14 et_pb_heading et_pb_module et_flex_module\"><div class=\"et_pb_heading_container\"><h2 class=\"et_pb_module_header\">\u00a1Nos encantar\u00eda verte!  <\/h2><\/div><\/div>\n\n<div class=\"et_pb_text_11 et_pb_text et_pb_bg_layout_light et_pb_module et_flex_module\"><div class=\"et_pb_text_inner\"><p>Ya sea que vengas por las aves, los paisajes del bosque nublado, o simplemente para descubrir qui\u00e9n carga 45 kilos de az\u00facar al mes para los colibr\u00edes (hola, Jhonny) \u2014 nos encantar\u00e1 conocerte.El caf\u00e9 est\u00e1 caliente, las botas est\u00e1n llenas de barro, y la magia rara del bosque\u2026 es 100 % real. <\/p>\n<\/div><\/div>\n\n<div class=\"et_pb_module et_pb_button_module_wrapper et_pb_button_1_wrapper\"><a class=\"et_pb_button_1 et_pb_button et_pb_bg_layout_light et_pb_module et_flex_module\" href=\"https:\/\/cabanastamiaju.com\/book-ecuador-birding-lodge\/\">\u00a1Ven a visitarnos!  <\/a><\/div>\n<\/div>\n<\/div>\n<\/div>","protected":false},"excerpt":{"rendered":"","protected":false},"author":2,"featured_media":1992,"parent":0,"menu_order":0,"comment_status":"closed","ping_status":"closed","template":"","meta":{"_wp_convertkit_post_meta":{"form":"-1","landing_page":"0","tag":"0","restrict_content":"0"},"footnotes":""},"class_list":["post-1991","page","type-page","status-publish","has-post-thumbnail","hentry"],"_links":{"self":[{"href":"https:\/\/cabanastamiaju.com\/es\/wp-json\/wp\/v2\/pages\/1991","targetHints":{"allow":["GET"]}}],"collection":[{"href":"https:\/\/cabanastamiaju.com\/es\/wp-json\/wp\/v2\/pages"}],"about":[{"href":"https:\/\/cabanastamiaju.com\/es\/wp-json\/wp\/v2\/types\/page"}],"author":[{"embeddable":true,"href":"https:\/\/cabanastamiaju.com\/es\/wp-json\/wp\/v2\/users\/2"}],"replies":[{"embeddable":true,"href":"https:\/\/cabanastamiaju.com\/es\/wp-json\/wp\/v2\/comments?post=1991"}],"version-history":[{"count":0,"href":"https:\/\/cabanastamiaju.com\/es\/wp-json\/wp\/v2\/pages\/1991\/revisions"}],"wp:featuredmedia":[{"embeddable":true,"href":"https:\/\/cabanastamiaju.com\/es\/wp-json\/wp\/v2\/media\/1992"}],"wp:attachment":[{"href":"https:\/\/cabanastamiaju.com\/es\/wp-json\/wp\/v2\/media?parent=1991"}],"curies":[{"name":"wp","href":"https:\/\/api.w.org\/{rel}","templated":true}]}}