{"id":1993,"date":"2025-07-02T17:19:02","date_gmt":"2025-07-02T17:19:02","guid":{"rendered":"https:\/\/cabanastamiaju.com\/nuestro-lodge-cabanas-en-el-bosque-nublado-del-ecuador\/"},"modified":"2025-10-29T19:31:41","modified_gmt":"2025-10-29T19:31:41","slug":"nuestro-lodge-cabanas-en-el-bosque-nublado-del-ecuador","status":"publish","type":"page","link":"https:\/\/cabanastamiaju.com\/es\/nuestro-lodge-cabanas-en-el-bosque-nublado-del-ecuador\/","title":{"rendered":"Nuestro lodge: Caba\u00f1as en el bosque nublado del Ecuador"},"content":{"rendered":"<div class=\"et_pb_section_0 et_pb_section et_section_regular et_flex_section\"><\/div>\n\n<div class=\"et_pb_section_1 et_pb_section et_section_regular et_flex_section\">\n<div class=\"et_pb_row_0 et_pb_row et_flex_row\">\n<div class=\"et_pb_column_0 et_pb_column et-last-child et_flex_column et_pb_css_mix_blend_mode_passthrough et_flex_column_24_24 et_flex_column_24_24_tablet et_flex_column_24_24_phone\">\n<div class=\"et_pb_heading_0 et_pb_heading et_pb_module et_flex_module\"><div class=\"et_pb_heading_container\"><h1 class=\"et_pb_module_header\">Nuestro Lodge<\/h1><\/div><\/div>\n\n<div class=\"et_pb_heading_1 et_pb_heading et_pb_module et_flex_module\"><div class=\"et_pb_heading_container\"><h2 class=\"et_pb_module_header\">Lodge de observaci\u00f3n de aves en el bosque nublado del este del Ecuador<\/h2><\/div><\/div>\n\n<div class=\"et_pb_heading_2 et_pb_heading et_pb_module et_flex_module\"><div class=\"et_pb_heading_container\"><h3 class=\"et_pb_module_header\">Echa un vistazo antes de desempacar los binoculares.<\/h3><\/div><\/div>\n\n<div class=\"et_pb_row_1 et_pb_row et_pb_row_nested et_flex_row\">\n<div class=\"et_pb_column_1 et_pb_column et_flex_column et_pb_css_mix_blend_mode_passthrough et_flex_column_24_24 et_flex_column_24_24_tablet et_flex_column_24_24_phone\">\n<div class=\"et_pb_image_0 et_pb_image et_pb_module et_flex_module\"><a href=\"https:\/\/cabanastamiaju.com\/wp-content\/uploads\/2025\/07\/Tamiaju-property-map.png\" class=\"et_pb_lightbox_image\"><span class=\"et_pb_image_wrap\"><img decoding=\"async\" data-src=\"https:\/\/cabanastamiaju.com\/wp-content\/uploads\/2025\/07\/Tamiaju-property-map.png\" width=\"1080\" height=\"810\" data-srcset=\"https:\/\/cabanastamiaju.com\/wp-content\/uploads\/2025\/07\/Tamiaju-property-map.png 1080w, https:\/\/cabanastamiaju.com\/wp-content\/uploads\/2025\/07\/Tamiaju-property-map-980x735.png 980w, https:\/\/cabanastamiaju.com\/wp-content\/uploads\/2025\/07\/Tamiaju-property-map-480x360.png 480w\" data-sizes=\"(min-width: 0px) and (max-width: 480px) 480px, (min-width: 481px) and (max-width: 980px) 980px, (min-width: 981px) 1080px, 100vw\" class=\"wp-image-296 lazyload\" src=\"data:image\/svg+xml;base64,PHN2ZyB3aWR0aD0iMSIgaGVpZ2h0PSIxIiB4bWxucz0iaHR0cDovL3d3dy53My5vcmcvMjAwMC9zdmciPjwvc3ZnPg==\" style=\"--smush-placeholder-width: 1080px; --smush-placeholder-aspect-ratio: 1080\/810;\" \/><\/span><\/a><\/div>\n\n<div class=\"et_pb_text_0 et_pb_text et_pb_bg_layout_light et_pb_module et_flex_module\"><div class=\"et_pb_text_inner\"><p>\u00a1Haz clic en el mapa!  <\/p>\n<\/div><\/div>\n<\/div>\n\n<div class=\"et_pb_column_2 et_pb_column et-last-child et_flex_column et_pb_css_mix_blend_mode_passthrough et_flex_column_24_24 et_flex_column_24_24_tablet et_flex_column_24_24_phone\">\n<div class=\"et_pb_text_1 et_pb_text et_pb_bg_layout_light et_pb_module et_flex_module\"><div class=\"et_pb_text_inner\"><p data-start=\"205\" data-end=\"615\">Caba\u00f1as Tamiaju es un lodge en el bosque nublado del valle de Quijos, en Ecuador, donde la niebla se desliza entre los \u00e1rboles, las tangaras cantan desde el dosel y tu caba\u00f1a incluye una ducha caliente <em data-start=\"748\" data-end=\"753\">y<\/em> nuestra incre\u00edble hospitalidad (gui\u00f1o, codazo). Somos amigables con el bolsillo (aqu\u00ed no hay precios de lujo), pero dormir\u00e1s en camas de reales con almohadas suaves, no en hamacas dudosas colgadas entre postes que podr\u00edan tener termitas. Comodidad, conservaci\u00f3n y comunidad, todo envuelto en un peque\u00f1o lodge con mucha personalidad.  <\/p>\n<p data-start=\"205\" data-end=\"615\">Creemos que nuestras caba\u00f1as son muy bonitas, y esperamos que t\u00fa tambi\u00e9n lo pienses.<\/p>\n<ul>\n<li data-start=\"1444\" data-end=\"1615\">\n<p data-start=\"1446\" data-end=\"1615\"><strong data-start=\"1446\" data-end=\"1465\">Caba\u00f1as est\u00e1ndar<\/strong> \u2192 Dos camas c\u00f3modas, ba\u00f1o privado con ducha caliente.<br \/>R\u00fasticas, limpias y acogedoras, cada una con su propio color y estilo. <\/p>\n<\/li>\n<li data-start=\"1616\" data-end=\"1818\">\n<p data-start=\"1618\" data-end=\"1818\"><strong data-start=\"1618\" data-end=\"1631\">La Suite<\/strong> \u2192 Un poco m\u00e1s de mimo: cama king-size, sof\u00e1 cama, mucha luz natural y ventanales con vista al valle. Ba\u00f1o privado con ba\u00f1era (s\u00ed, puedes darte un ba\u00f1o en medio del bosque nublado). <\/p>\n<\/li>\n<\/ul>\n<\/div><\/div>\n<\/div>\n<\/div>\n\n<div class=\"et_pb_text_2 et_pb_text et_pb_bg_layout_light et_pb_module et_flex_module\"><div class=\"et_pb_text_inner\"><p>Tamiaju no es un refugio remoto en la selva, sino un lodge de observaci\u00f3n y descanso accesible, ubicado en Barrio Chontas, una peque\u00f1a comunidad justo al costado de la carretera entre Quito y Tena. Eso significa f\u00e1cil acceso, vecinos amables y alg\u00fan que otro gallo despertador. <\/p>\n<\/div><\/div>\n\n<div class=\"et_pb_row_2 et_pb_row et_pb_row_nested et_flex_row\">\n<div class=\"et_pb_column_3 et_pb_column et_flex_column et_pb_css_mix_blend_mode_passthrough et_flex_column_24_24 et_flex_column_24_24_tablet et_flex_column_24_24_phone\">\n<div class=\"et_pb_module et_pb_button_module_wrapper et_pb_button_0_wrapper\"><a class=\"et_pb_button_0 et_pb_button et_pb_bg_layout_light et_pb_module et_flex_module\" href=\"https:\/\/cabanastamiaju.com\/book-ecuador-birding-lodge\/\">Reserva ahora<\/a><\/div>\n<\/div>\n\n<div class=\"et_pb_column_4 et_pb_column et-last-child et_flex_column et_pb_css_mix_blend_mode_passthrough et_flex_column_24_24 et_flex_column_24_24_tablet et_flex_column_24_24_phone\">\n<div class=\"et_pb_module et_pb_button_module_wrapper et_pb_button_1_wrapper\"><a class=\"et_pb_button_1 et_pb_button et_pb_bg_layout_light et_pb_module et_flex_module\" href=\"https:\/\/cabanastamiaju.com\/contact-ecuador-birding-lodge\/\">Haz una pregunta<\/a><\/div>\n<\/div>\n<\/div>\n\n<div class=\"et_pb_text_3 et_pb_text et_pb_bg_layout_light et_pb_module et_flex_module\"><\/div>\n<\/div>\n<\/div>\n<\/div>\n\n<div class=\"et_pb_section_2 et_pb_section et_section_regular et_flex_section\">\n<div class=\"et_pb_row_3 et_pb_row et_flex_row\">\n<div class=\"et_pb_column_5 et_pb_column et-last-child et_flex_column et_pb_css_mix_blend_mode_passthrough et_flex_column_24_24 et_flex_column_24_24_tablet et_flex_column_24_24_phone\">\n<div class=\"et_pb_heading_3 et_pb_heading et_pb_module et_flex_module\"><div class=\"et_pb_heading_container\"><h2 class=\"et_pb_module_header\">Recorre nuestro lodge en el Bosque Nublado del Ecuador<\/h2><\/div><\/div>\n\n<div class=\"et_pb_text_4 et_pb_text et_pb_bg_layout_light et_pb_module et_flex_module\"><div class=\"et_pb_text_inner\"><p>Lo que ofrecemos: No somos un resort de lujo con piscina infinita \u2014 somos un lodge de bosque nublado, c\u00f3modo y de buen precio, donde tendr\u00e1s camas reales, duchas calientes, caba\u00f1as limpias y naturaleza a la puerta.Las caba\u00f1as comienzan desde $50 por noche, con descuentos por estad\u00edas largas o viajeros solitarios. En resumen: puedes quedarte el tiempo suficiente para que el bosque te baje el ritmo al modo pajareo.   <\/p>\n<\/div><\/div>\n\n<div class=\"et_pb_accordion_0 et_pb_accordion et_pb_module et_flex_module\">\n<div class=\"et_pb_accordion_item_0 et_pb_accordion_item et_pb_toggle et_pb_module et_pb_toggle_open et_flex_module\"><h5 class=\"et_pb_toggle_title\">Cocina\/Comedor<\/h5><div class=\"et_pb_toggle_content et_flex_module\"><div class=\"tmj-accordion-content\">\n<div style=\"display:flex; flex-wrap:wrap; gap:2rem; align-items:center;\">\n<div style=\"flex:1; min-width:280px;\">\n      <img decoding=\"async\" data-src=\"https:\/\/cabanastamiaju.com\/wp-content\/uploads\/2025\/07\/Temp-Kitchen-2.jpeg\" alt=\"El comedor de Tamiaju, con manteles de colores y grandes ventanales al paisaje.\" style=\"--smush-placeholder-width: 510px; --smush-placeholder-aspect-ratio: 510\/383;width:100%; height:auto; object-fit:cover; border-radius:12px;\" src=\"data:image\/svg+xml;base64,PHN2ZyB3aWR0aD0iMSIgaGVpZ2h0PSIxIiB4bWxucz0iaHR0cDovL3d3dy53My5vcmcvMjAwMC9zdmciPjwvc3ZnPg==\" class=\"lazyload\">\n    <\/div>\n<div style=\"flex:1; min-width:280px; display:flex; flex-direction:column; justify-content:space-between;\">\n<div>\n<p class=\"easter-egg\">\n Sabemos que el primer camino hacia tu coraz\u00f3n es a trav\u00e9s de grandes p\u00e1jaros, y el segundo es a trav\u00e9s de una gran comida.<br \/>\n\u00bfPor qu\u00e9 no hacer <a href=\"https:\/\/cabanastamiaju.com\/kitchen-list\/\">las dos cosas<\/a> a la vez?<br \/>\nEl comedor tiene grandes ventanales que permiten observar aves y comer al mismo tiempo.\n        <\/p>\n<\/p><\/div>\n<div style=\"display:flex; gap:1rem; margin-top:1rem;\"><\/div>\n<\/p><\/div>\n<\/p><\/div>\n<\/div>\n<\/div><\/div>\n\n<div class=\"et_pb_accordion_item_1 et_pb_accordion_item et_pb_toggle et_pb_module et_pb_toggle_close et_flex_module\"><h5 class=\"et_pb_toggle_title\">Cabinas est\u00e1ndar<\/h5><div class=\"et_pb_toggle_content et_flex_module\"><div class=\"tmj-accordion-content\">\n<div style=\"display:flex; flex-wrap:wrap; gap:2rem; align-items:center;\">\n<div style=\"flex:1; min-width:280px;\">\n      <img decoding=\"async\" data-src=\"https:\/\/cabanastamiaju.com\/wp-content\/uploads\/2025\/08\/IMG_1620.jpeg\" alt=\"Vista gran angular del interior de una caba\u00f1a r\u00fastica en Caba\u00f1as Tamiaju con dos camas, mantas de rayas vibrantes, suelos de madera y ventanas envolventes.\" style=\"--smush-placeholder-width: 510px; --smush-placeholder-aspect-ratio: 510\/383;width:100%; height:auto; object-fit:cover; border-radius:12px;\" src=\"data:image\/svg+xml;base64,PHN2ZyB3aWR0aD0iMSIgaGVpZ2h0PSIxIiB4bWxucz0iaHR0cDovL3d3dy53My5vcmcvMjAwMC9zdmciPjwvc3ZnPg==\" class=\"lazyload\">\n    <\/div>\n<div style=\"flex:1; min-width:280px; display:flex; flex-direction:column; justify-content:space-between;\">\n<div>\n<p>Hemos avanzado bastante desde los d\u00edas en que Eladio constru\u00eda a punte motosierra. Estas caba\u00f1as son r\u00fasticas, c\u00f3modas, economicas y limpias. Todas cuentan con la misma configuracion: una cama matrimonial, una cama individual y ba\u00f1o privado con ducha caliente. Cada una tiene su propia personalidad y combinaci\u00f3n de colores.   <\/p>\n<\/p><\/div>\n<div style=\"display:flex; gap:1rem; margin-top:1rem;\"><\/div>\n<\/p><\/div>\n<\/p><\/div>\n<\/div>\n<\/div><\/div>\n\n<div class=\"et_pb_accordion_item_2 et_pb_accordion_item et_pb_toggle et_pb_module et_pb_toggle_close et_flex_module\"><h5 class=\"et_pb_toggle_title\">La Suite<\/h5><div class=\"et_pb_toggle_content et_flex_module\"><div class=\"tmj-accordion-content\">\n<div style=\"display:flex; flex-wrap:wrap; gap:2rem; align-items:center;\">\n<div style=\"flex:1; min-width:280px;\">\n      <img decoding=\"async\" data-src=\"https:\/\/cabanastamiaju.com\/wp-content\/uploads\/2025\/07\/Suite.jpeg\" alt=\"Amplia habitaci\u00f3n en caba\u00f1a de madera con cama de matrimonio, ventanal y sof\u00e1 en Caba\u00f1as Tamiaju\" style=\"--smush-placeholder-width: 510px; --smush-placeholder-aspect-ratio: 510\/383;width:100%; height:auto; object-fit:cover; border-radius:12px;\" src=\"data:image\/svg+xml;base64,PHN2ZyB3aWR0aD0iMSIgaGVpZ2h0PSIxIiB4bWxucz0iaHR0cDovL3d3dy53My5vcmcvMjAwMC9zdmciPjwvc3ZnPg==\" class=\"lazyload\">\n    <\/div>\n<div style=\"flex:1; min-width:280px; display:flex; flex-direction:column; justify-content:space-between;\">\n<div>\n<p>Si buscas subir de nivel en tu experiencia de caba\u00f1a, la suite te espera.<br \/>Es espaciosa, acogedora y luminosa, con una cama king s\u00faper c\u00f3moda para dormir estilo estrella de mar. Tambi\u00e9n tiene sof\u00e1 para descansar, ba\u00f1o privado con detalles en piedra y, \u00a1plot twist!:<br \/>en realidad son dos espacios, uno con el inodoro y lavamanos, y otro con una ducha amplia y ba\u00f1era.  <\/p>\n<\/p><\/div>\n<div style=\"display:flex; gap:1rem; margin-top:1rem;\"><\/div>\n<\/p><\/div>\n<\/p><\/div>\n<\/div>\n<\/div><\/div>\n\n<div class=\"et_pb_accordion_item_3 et_pb_accordion_item et_pb_toggle et_pb_module et_pb_toggle_close et_flex_module\"><h5 class=\"et_pb_toggle_title\">Plataforma Colibr\u00ed<\/h5><div class=\"et_pb_toggle_content et_flex_module\"><div class=\"tmj-accordion-content\">\n<div style=\"display:flex; flex-wrap:wrap; gap:2rem; align-items:center;\">\n<div style=\"flex:1; min-width:280px;\">\n      <img decoding=\"async\" data-src=\"https:\/\/cabanastamiaju.com\/wp-content\/uploads\/2025\/07\/Gorgeted-Woodstar.jpg\" alt=\"Macho de Gorgeted Woodstar posado en una ramita, mostrando las iridiscentes plumas rosadas y violetas de la garganta sobre un suave fondo verde.\" style=\"--smush-placeholder-width: 510px; --smush-placeholder-aspect-ratio: 510\/383;width:100%; height:auto; object-fit:cover; border-radius:12px;\" src=\"data:image\/svg+xml;base64,PHN2ZyB3aWR0aD0iMSIgaGVpZ2h0PSIxIiB4bWxucz0iaHR0cDovL3d3dy53My5vcmcvMjAwMC9zdmciPjwvc3ZnPg==\" class=\"lazyload\">\n    <\/div>\n<div style=\"flex:1; min-width:280px; display:flex; flex-direction:column; justify-content:space-between;\">\n<div>\n<p class=\"easter-egg\">Aqu\u00ed es donde los fan\u00e1ticos de los colibr\u00edes pierden la noci\u00f3n del tiempo. Con ritmos card\u00edacos de m\u00e1s de 1,200 por minuto y 80 aleteos por segundo, estas aves desaf\u00edan los l\u00edmites de la biolog\u00eda.<br \/>En nuestra plataforma puedes ver hasta 10 especies, incluyendo el brillante Estrellita Gorjirrub\u00ed y el Corneta Pechicasta\u00f1a. Trae tu c\u00e1mara\u2026 o solo tus ojos bien abiertos; el caf\u00e9 lo ponemos nosotros.   <\/p>\n<\/p><\/div>\n<div style=\"display:flex; gap:1rem; margin-top:1rem;\"><\/div>\n<\/p><\/div>\n<\/p><\/div>\n<\/div>\n<\/div><\/div>\n\n<div class=\"et_pb_accordion_item_4 et_pb_accordion_item et_pb_toggle et_pb_module et_pb_toggle_close et_flex_module\"><h5 class=\"et_pb_toggle_title\">Invernaderos<\/h5><div class=\"et_pb_toggle_content et_flex_module\"><div class=\"tmj-accordion-content\">\n<div style=\"display:flex; flex-wrap:wrap; gap:2rem; align-items:center;\">\n<div style=\"flex:1; min-width:280px;\">\n      <img decoding=\"async\" data-src=\"https:\/\/cabanastamiaju.com\/wp-content\/uploads\/2025\/07\/BEANS.jpeg\" alt=\"Hileras de plantas de jud\u00edas verdes que crecen altas dentro de un invernadero, formando un frondoso pasillo a lo largo de un estrecho camino de tierra.\" style=\"--smush-placeholder-width: 510px; --smush-placeholder-aspect-ratio: 510\/383;width:100%; height:auto; object-fit:cover; border-radius:12px;\" src=\"data:image\/svg+xml;base64,PHN2ZyB3aWR0aD0iMSIgaGVpZ2h0PSIxIiB4bWxucz0iaHR0cDovL3d3dy53My5vcmcvMjAwMC9zdmciPjwvc3ZnPg==\" class=\"lazyload\">\n    <\/div>\n<div style=\"flex:1; min-width:280px; display:flex; flex-direction:column; justify-content:space-between;\">\n<div>\n<p class=\"easter-egg\">De la mata a la olla, en 30 metros. Cultivamos una mezcla rotativa de frejol, papas, uvilla y otros alimentos b\u00e1sicos locales, adem\u00e1s de toda una gama de hierbas frescas para aguas aromaticas y nuestros platos. Todo se nutre con un rico abono casero de lombrices. No tienes que ayudarnos a desherbar, pero no nos molestamos si lo haces.   <\/p>\n<\/p><\/div>\n<div style=\"display:flex; gap:1rem; margin-top:1rem;\"><\/div>\n<\/p><\/div>\n<\/p><\/div>\n<\/div>\n<\/div><\/div>\n\n<div class=\"et_pb_accordion_item_5 et_pb_accordion_item et_pb_toggle et_pb_module et_pb_toggle_close et_flex_module\"><h5 class=\"et_pb_toggle_title\">Senderos de Tamiaju<\/h5><div class=\"et_pb_toggle_content et_flex_module\"><div class=\"tmj-accordion-content\">\n<div style=\"display:flex; flex-wrap:wrap; gap:2rem; align-items:center;\">\n<div style=\"flex:1; min-width:280px;\">\n      <img decoding=\"async\" data-src=\"https:\/\/cabanastamiaju.com\/wp-content\/uploads\/2025\/07\/Rachel-and-Randall.jpeg\" alt=\"Dos excursionistas se encuentran en un frondoso sendero selv\u00e1tico, contemplando el denso dosel verde que hay sobre ellos.\" style=\"--smush-placeholder-width: 512px; --smush-placeholder-aspect-ratio: 512\/384;width:100%; height:auto; object-fit:cover; border-radius:12px;\" src=\"data:image\/svg+xml;base64,PHN2ZyB3aWR0aD0iMSIgaGVpZ2h0PSIxIiB4bWxucz0iaHR0cDovL3d3dy53My5vcmcvMjAwMC9zdmciPjwvc3ZnPg==\" class=\"lazyload\">\n    <\/div>\n<div style=\"flex:1; min-width:280px; display:flex; flex-direction:column; justify-content:space-between;\">\n<div>\n<p class=\"easter-egg\">Cruza el puente (construido por nuestra propia leyenda local Eladio) y ad\u00e9ntrate en 4 hect\u00e1reas de verde. Hay un <a href=\"https:\/\/cabanastamiaju.com\/birdwatching\/#trails\">sendero tranquilo abajo,<\/a> otro que sube y te deja sin aire, y un circuito intermedio donde puedes recuperar el aliento. \u00bfP\u00e1jaros? S\u00ed. \u00bfHongos raros? Probablemente. Trae tu libreta de campo y disfruta el paseo.      <\/p>\n<\/p><\/div>\n<div style=\"display:flex; gap:1rem; margin-top:1rem;\"><\/div>\n<\/p><\/div>\n<\/p><\/div>\n<\/div>\n<\/div><\/div>\n<\/div>\n<\/div>\n<\/div>\n<\/div>\n\n<div class=\"et_pb_section_3 et_pb_section et_section_regular et_flex_section\">\n<div class=\"et_pb_row_4 et_pb_row et_flex_row\">\n<div class=\"et_pb_column_6 et_pb_column et-last-child et_flex_column et_pb_css_mix_blend_mode_passthrough et_flex_column_24_24 et_flex_column_24_24_tablet et_flex_column_24_24_phone\">\n<div class=\"et_pb_heading_4 et_pb_heading et_pb_module et_flex_module\"><div class=\"et_pb_heading_container\"><h2 class=\"et_pb_module_header\">Hablemos de precios:<\/h2><\/div><\/div>\n\n<div class=\"et_pb_text_5 et_pb_text et_pb_bg_layout_light et_pb_module et_flex_module\"><div class=\"et_pb_text_inner\"><p>Nos gusta pensar que somos el \u201cpunto justo\u201d de los lodges: ni tan baratos que te den miedo mirar bajo la cama, ni tan caros que pienses en venir en caja de perro como equipaje. Trabajamos duro para ofrecerte una estancia de calidad a un precio excelente. <\/p>\n<\/div><\/div>\n\n<div class=\"et_pb_heading_5 et_pb_heading et_pb_module et_flex_module\"><div class=\"et_pb_heading_container\"><h3 class=\"et_pb_module_header\">Tarifas por noche, por cabina<\/h3><\/div><\/div>\n\n<div class=\"et_pb_text_6 et_pb_text et_pb_bg_layout_light et_pb_module et_flex_module\"><div class=\"et_pb_text_inner\"><p data-start=\"162\" data-end=\"292\">Los precios de nuestras caba\u00f1as son <strong data-start=\"184\" data-end=\"213\">por caba\u00f1a, no por persona<\/strong>. Los que viajan solos reciben un mejor precio, y cuanto m\u00e1s tiempo te quedes, m\u00e1s ahorrar\u00e1s. <\/p>\n<p data-start=\"323\" data-end=\"458\"><strong data-start=\"323\" data-end=\"341\">Caba\u00f1a est\u00e1ndar<\/strong> - <strong data-start=\"344\" data-end=\"357\"> 50 $\/noche<\/strong><br data-start=\"357\" data-end=\"360\"><strong data-start=\"360\" data-end=\"369\">Suite<\/strong> - <strong data-start=\"372\" data-end=\"385\"> 80 $\/noche<\/strong><br data-start=\"385\" data-end=\"388\"><strong data-start=\"388\" data-end=\"414\">Especial para viajeros solos:<\/strong> Est\u00e1ndar <strong data-start=\"424\" data-end=\"437\"> 40 $\/noche<\/strong>, Suite <strong data-start=\"445\" data-end=\"458\"> 70 $\/noche<\/strong><\/p>\n<\/div><\/div>\n\n<div class=\"et_pb_heading_6 et_pb_heading et_pb_module et_flex_module\"><div class=\"et_pb_heading_container\"><h3 class=\"et_pb_module_header\">Qu\u00e9date m\u00e1s, ahorra m\u00e1s<\/h3><\/div><\/div>\n\n<div class=\"et_pb_text_7 et_pb_text et_pb_bg_layout_light et_pb_module et_flex_module\"><div class=\"et_pb_text_inner\"><p data-start=\"487\" data-end=\"554\">Aplicamos un descuento autom\u00e1tico por duraci\u00f3n de la estancia a tu tarifa nocturna:<\/p>\n<ul data-start=\"556\" data-end=\"814\">\n<li data-start=\"556\" data-end=\"613\">\n<p data-start=\"558\" data-end=\"613\"><strong data-start=\"558\" data-end=\"573\">1-2 noches:<\/strong> precio completo (Est\u00e1ndar 50 $ \/ Suite 80 $)<\/p>\n<\/li>\n<li data-start=\"614\" data-end=\"680\">\n<p data-start=\"616\" data-end=\"680\"><strong data-start=\"616\" data-end=\"631\">3-4 noches:<\/strong> <strong data-start=\"632\" data-end=\"643\">10% de descuento<\/strong> (Est\u00e1ndar <strong data-start=\"654\" data-end=\"661\"> 45 $<\/strong> \/ Suite <strong data-start=\"670\" data-end=\"677\"> 72 $<\/strong>)<\/p>\n<\/li>\n<li data-start=\"681\" data-end=\"750\">\n<p data-start=\"683\" data-end=\"750\"><strong data-start=\"683\" data-end=\"698\">5-6 noches:<\/strong> <strong data-start=\"699\" data-end=\"710\">15% de descuento<\/strong> (Est\u00e1ndar <strong data-start=\"721\" data-end=\"731\"> 42,50 $<\/strong> \/ Suite <strong data-start=\"740\" data-end=\"747\"> 68 $<\/strong>)<\/p>\n<\/li>\n<li data-start=\"751\" data-end=\"814\">\n<p data-start=\"753\" data-end=\"814\"><strong data-start=\"753\" data-end=\"767\">7+ noches:<\/strong> <strong data-start=\"768\" data-end=\"779\">20% de descuento<\/strong> (Est\u00e1ndar <strong data-start=\"790\" data-end=\"797\"> 40 $<\/strong> \/ Suite <strong data-start=\"806\" data-end=\"813\"> 64 $<\/strong>)<\/p>\n<\/li>\n<\/ul>\n<p><strong data-start=\"818\" data-end=\"837\">Viajeros solos:<\/strong> Siempre te daremos el <strong data-start=\"864\" data-end=\"874\">mejor<\/strong> precio: tu tarifa en solitario <strong data-start=\"896\" data-end=\"902\">o<\/strong> el descuento por larga estancia, el que sea m\u00e1s bajo.<br data-start=\"946\" data-end=\"949\"><em data-start=\"951\" data-end=\"961\">Ejemplo:<\/em> Suite solo = 70 $\/noche de 1 a 4 noches; de 5 a 6 noches, el precio para estancias largas (68 $) supera la tarifa solo, y a partir de 7 noches baja a 64 $.<span style=\"font-size: 18px;\"> <\/span><\/p>\n<\/div><\/div>\n\n<div class=\"et_pb_heading_7 et_pb_heading et_pb_module et_flex_module\"><div class=\"et_pb_heading_container\"><h3 class=\"et_pb_module_header\">Incluido en tu estancia:<\/h3><\/div><\/div>\n\n<div class=\"et_pb_row_5 et_pb_row et_pb_row_nested et_flex_row\">\n<div class=\"et_pb_column_7 et_pb_column et_flex_column et_pb_css_mix_blend_mode_passthrough et_flex_column_24_24 et_flex_column_24_24_tablet et_flex_column_24_24_phone\">\n<div class=\"et_pb_text_8 et_pb_text et_pb_bg_layout_light et_pb_module et_flex_module\"><div class=\"et_pb_text_inner\"><div class=\"sqs-block html-block sqs-block-html\" data-block-type=\"2\" data-border-radii=\"{\"topLeft\":{\"unit\":\"px\",\"value\":0.0},\"topRight\":{\"unit\":\"px\",\"value\":0.0},\"bottomLeft\":{\"unit\":\"px\",\"value\":0.0},\"bottomRight\":{\"unit\":\"px\",\"value\":0.0}}\" id=\"block-1ece15da422092379b8a\">\n<div class=\"sqs-block-content\">\n<div class=\"sqs-html-content\">\n<ul>\n<li><span style=\"font-size: 18px; color: #2b2b2b; font-weight: 400; font-family: Lora, Georgia, 'Times New Roman', serif;\">Agua potable limpia sin souvenirs intestinales.<\/span><\/li>\n<li><span style=\"font-size: 18px;\">Toallas y almohadas suaves (lujo real en Ecuador) <\/span><\/li>\n<li>Botas de lluvia\/ponchos <a href=\"https:\/\/cabanastamiaju.com\/faqs\/#faq-weather\" style=\"font-size: 18px;\">(va a llover, creenos<\/a><span style=\"font-size: 18px;\">)<\/span><\/li>\n<li><span style=\"font-size: 18px;\">C\u00f3cteles, cerveza y vino disponibles para comprar<\/span><\/li>\n<\/ul>\n<\/div>\n<\/div>\n<\/div>\n<div class=\"row sqs-row\">\n<div class=\"col sqs-col-4 span-4\">\n<div class=\"sqs-block html-block sqs-block-html\" data-block-type=\"2\" data-border-radii=\"{\"topLeft\":{\"unit\":\"px\",\"value\":0.0},\"topRight\":{\"unit\":\"px\",\"value\":0.0},\"bottomLeft\":{\"unit\":\"px\",\"value\":0.0},\"bottomRight\":{\"unit\":\"px\",\"value\":0.0}}\" id=\"block-4124dbe6b22d502acd44\"><\/div>\n<\/div>\n<\/div>\n<\/div><\/div>\n<\/div>\n\n<div class=\"et_pb_column_8 et_pb_column et-last-child et_flex_column et_pb_css_mix_blend_mode_passthrough et_flex_column_24_24 et_flex_column_24_24_tablet et_flex_column_24_24_phone\">\n<div class=\"et_pb_text_9 et_pb_text et_pb_bg_layout_light et_pb_module et_flex_module\"><div class=\"et_pb_text_inner\"><ul data-rte-list=\"default\">\n<li>\n<p class=\"\">Bebidas calientes las 24 horas del d\u00eda, un caf\u00e9 realmente bueno.<\/p>\n<\/li>\n<li><span style=\"font-size: 18px;\">Ducha caliente (el\u00e9ctrica, viene con un tutorial)<\/span><\/li>\n<li>\n<p class=\"\">Ayuda log\u00edstica (taxis, reservas, etc.)<\/p>\n<\/li>\n<li>\n<p class=\"\">Acceso a nuestra reserva forestal privada de 5 hect\u00e1reas<\/p>\n<\/li>\n<li>\n<p class=\"\">Los gu\u00edas est\u00e1n disponibles por una tarifa o haz clic abajo para consultar nuestros paquetes con todo incluido.<\/p>\n<\/li>\n<\/ul>\n<\/div><\/div>\n<\/div>\n<\/div>\n\n<div class=\"et_pb_module et_pb_button_module_wrapper et_pb_button_2_wrapper\"><a class=\"et_pb_button_2 et_pb_button et_pb_bg_layout_light et_pb_module et_flex_module\" href=\"https:\/\/cabanastamiaju.com\/book-ecuador-birding-lodge\/\">Reserva tu estancia<\/a><\/div>\n<\/div>\n<\/div>\n<\/div>","protected":false},"excerpt":{"rendered":"","protected":false},"author":2,"featured_media":0,"parent":0,"menu_order":0,"comment_status":"closed","ping_status":"closed","template":"","meta":{"_wp_convertkit_post_meta":{"form":"-1","landing_page":"0","tag":"0","restrict_content":"0"},"footnotes":""},"class_list":["post-1993","page","type-page","status-publish","hentry"],"_links":{"self":[{"href":"https:\/\/cabanastamiaju.com\/es\/wp-json\/wp\/v2\/pages\/1993","targetHints":{"allow":["GET"]}}],"collection":[{"href":"https:\/\/cabanastamiaju.com\/es\/wp-json\/wp\/v2\/pages"}],"about":[{"href":"https:\/\/cabanastamiaju.com\/es\/wp-json\/wp\/v2\/types\/page"}],"author":[{"embeddable":true,"href":"https:\/\/cabanastamiaju.com\/es\/wp-json\/wp\/v2\/users\/2"}],"replies":[{"embeddable":true,"href":"https:\/\/cabanastamiaju.com\/es\/wp-json\/wp\/v2\/comments?post=1993"}],"version-history":[{"count":0,"href":"https:\/\/cabanastamiaju.com\/es\/wp-json\/wp\/v2\/pages\/1993\/revisions"}],"wp:attachment":[{"href":"https:\/\/cabanastamiaju.com\/es\/wp-json\/wp\/v2\/media?parent=1993"}],"curies":[{"name":"wp","href":"https:\/\/api.w.org\/{rel}","templated":true}]}}